{"id":260,"date":"2025-02-13T18:53:22","date_gmt":"2025-02-13T17:53:22","guid":{"rendered":"https:\/\/minipomsky.fr\/wp\/?page_id=260"},"modified":"2025-11-20T18:20:12","modified_gmt":"2025-11-20T17:20:12","slug":"les-males","status":"publish","type":"page","link":"https:\/\/minipomsky.fr\/wp\/les-males\/","title":{"rendered":"Lovely, m\u00e2le Pomsky Toy fluffy aux yeux bleus"},"content":{"rendered":"\n<div class=\"wp-block-group has-global-padding is-layout-constrained wp-block-group-is-layout-constrained\">\n<div class=\"wp-block-group is-layout-flow wp-block-group-is-layout-flow\">\n<div class=\"wp-block-columns is-layout-flex wp-container-core-columns-is-layout-28f84493 wp-block-columns-is-layout-flex\">\n<div class=\"wp-block-column is-style-default is-layout-flow wp-block-column-is-layout-flow\" style=\"border-style:none;border-width:0px;padding-top:0;padding-right:0;padding-bottom:0;padding-left:0\">\n<figure class=\"wp-block-image aligncenter size-full\"><img loading=\"lazy\" decoding=\"async\" width=\"368\" height=\"800\" src=\"https:\/\/minipomsky.fr\/wp\/wp-content\/uploads\/2025\/02\/LOVELY-V1.png\" alt=\"Lovely, m\u00e2le Pomsky Toy fluffy aux yeux bleus, reproducteur \u00e0 l\u2019\u00e9levage Mini Pomsky en Occitanie\" class=\"wp-image-297\" srcset=\"https:\/\/minipomsky.fr\/wp\/wp-content\/uploads\/2025\/02\/LOVELY-V1.png 368w, https:\/\/minipomsky.fr\/wp\/wp-content\/uploads\/2025\/02\/LOVELY-V1-138x300.png 138w\" sizes=\"auto, (max-width: 368px) 100vw, 368px\" \/><\/figure>\n\n\n\n<h2 class=\"wp-block-heading\">Lovely<\/h2>\n\n\n\n<p>Lovely, notre m\u00e2le Pomsky Toy aux yeux bleus<\/p>\n\n\n\n<p><strong>Lovely<\/strong> est notre m\u00e2le reproducteur <strong>Pomsky Toy<\/strong>, un chien au gabarit compact, \u00e0 la fourrure <strong>fluffy<\/strong> soyeuse et aux magnifiques <strong>yeux bleus per\u00e7ants<\/strong>, h\u00e9rit\u00e9s de ses origines husky.<\/p>\n\n\n\n<h3 class=\"wp-block-heading\">Un m\u00e2le Pomsky s\u00e9lectionn\u00e9 pour sa beaut\u00e9 et son temp\u00e9rament<\/h3>\n\n\n\n<p>Issu d\u2019une lign\u00e9e soigneusement choisie, Lovely se distingue par :<\/p>\n\n\n\n<ul class=\"wp-block-list\">\n<li>sa <strong>taille : Toy<\/strong> (4 kg),<\/li>\n\n\n\n<li>G\u00e9n\u00e9ration : <strong>F3<\/strong><\/li>\n\n\n\n<li>son pelage <strong>fluffy<\/strong>, \u00e9pais et doux au toucher,<\/li>\n\n\n\n<li>ses <strong>yeux bleus cristallins<\/strong>, tr\u00e8s recherch\u00e9s chez le Pomsky,<\/li>\n\n\n\n<li>un <strong>temp\u00e9rament \u00e9quilibr\u00e9<\/strong>, affectueux et joueur.<\/li>\n<\/ul>\n\n\n\n<p>Il est \u00e0 la fois <strong>sociable, intelligent et proche de l&rsquo;humain<\/strong>, ce qui en fait un excellent reproducteur pour transmettre les qualit\u00e9s attendues d\u2019un Pomsky id\u00e9al.<\/p>\n\n\n\n<h3 class=\"wp-block-heading\">Reproducteur Pomsky en Occitanie<\/h3>\n\n\n\n<p>Lovely vit au sein de notre <strong>\u00e9levage familial Mini Pomsky<\/strong> en <strong>Occitanie<\/strong>. Il \u00e9volue dans un cadre sain, entour\u00e9 d\u2019attention et de stimulations, contribuant ainsi \u00e0 l\u2019\u00e9quilibre de ses futures port\u00e9es.<\/p>\n\n\n\n<p>Nous nous engageons \u00e0 proposer des chiots issus de reproducteurs <strong>test\u00e9s, bien dans leur t\u00eate, et conformes aux standards de la race Pomsky<\/strong>.<\/p>\n\n\n\n<p><\/p>\n<\/div>\n<\/div>\n\n\n\n<div style=\"height:100px\" aria-hidden=\"true\" class=\"wp-block-spacer\"><\/div>\n<\/div>\n\n\n\n<div style=\"height:82px\" aria-hidden=\"true\" class=\"wp-block-spacer\"><\/div>\n<\/div>\n","protected":false},"excerpt":{"rendered":"<p>Lovely Lovely, notre m\u00e2le Pomsky Toy aux yeux bleus Lovely est notre m\u00e2le reproducteur Pomsky Toy, un chien au gabarit compact, \u00e0 la fourrure fluffy soyeuse et aux magnifiques yeux bleus per\u00e7ants, h\u00e9rit\u00e9s de ses origines husky. Un m\u00e2le Pomsky s\u00e9lectionn\u00e9 pour sa beaut\u00e9 et son temp\u00e9rament Issu d\u2019une lign\u00e9e soigneusement choisie, Lovely se distingue &hellip; <\/p>\n<p class=\"link-more\"><a href=\"https:\/\/minipomsky.fr\/wp\/les-males\/\" class=\"more-link\">Lire la suite de<span class=\"screen-reader-text\">\u00ab\u00a0Lovely, m\u00e2le Pomsky Toy fluffy aux yeux bleus\u00a0\u00bb<\/span><\/a><\/p>\n","protected":false},"author":1,"featured_media":0,"parent":0,"menu_order":0,"comment_status":"closed","ping_status":"closed","template":"","meta":{"pgc_sgb_lightbox_settings":"","footnotes":""},"class_list":["post-260","page","type-page","status-publish","hentry"],"_links":{"self":[{"href":"https:\/\/minipomsky.fr\/wp\/wp-json\/wp\/v2\/pages\/260","targetHints":{"allow":["GET"]}}],"collection":[{"href":"https:\/\/minipomsky.fr\/wp\/wp-json\/wp\/v2\/pages"}],"about":[{"href":"https:\/\/minipomsky.fr\/wp\/wp-json\/wp\/v2\/types\/page"}],"author":[{"embeddable":true,"href":"https:\/\/minipomsky.fr\/wp\/wp-json\/wp\/v2\/users\/1"}],"replies":[{"embeddable":true,"href":"https:\/\/minipomsky.fr\/wp\/wp-json\/wp\/v2\/comments?post=260"}],"version-history":[{"count":9,"href":"https:\/\/minipomsky.fr\/wp\/wp-json\/wp\/v2\/pages\/260\/revisions"}],"predecessor-version":[{"id":1623,"href":"https:\/\/minipomsky.fr\/wp\/wp-json\/wp\/v2\/pages\/260\/revisions\/1623"}],"wp:attachment":[{"href":"https:\/\/minipomsky.fr\/wp\/wp-json\/wp\/v2\/media?parent=260"}],"curies":[{"name":"wp","href":"https:\/\/api.w.org\/{rel}","templated":true}]}}